{"id":1151,"date":"2025-11-29T18:51:36","date_gmt":"2025-11-29T17:51:36","guid":{"rendered":"https:\/\/griefhouse.community\/?page_id=1151"},"modified":"2025-12-27T17:05:50","modified_gmt":"2025-12-27T16:05:50","slug":"deklaracja-dostepnosci","status":"publish","type":"page","link":"https:\/\/griefhouse.community\/uk\/deklaracja-dostepnosci\/","title":{"rendered":"\u0414\u0435\u043a\u043b\u0430\u0440\u0430\u0446\u0456\u044f \u043f\u0440\u043e \u043d\u0430\u044f\u0432\u043d\u0456\u0441\u0442\u044c"},"content":{"rendered":"<div class=\"wp-block-uagb-advanced-heading uagb-block-01d023bf\"><h1 class=\"uagb-heading-text\">\u0414\u043e\u0441\u0442\u0443\u043f\u043d\u0456\u0441\u0442\u044c \u0432\u0435\u0431-\u0441\u0430\u0439\u0442\u0443<\/h1><\/div>\n\n\n\n<p>(\u043d\u0430 \u0441\u0442\u0430\u0434\u0456\u0457 \u043f\u0456\u0434\u0433\u043e\u0442\u043e\u0432\u043a\u0438 - \u0430\u0443\u0434\u0438\u0442 \u0442\u0440\u0438\u0432\u0430\u0454)<\/p>\n\n\n\n<p>\u043e\u0441\u0442\u0430\u043d\u043d\u0454 \u043e\u043d\u043e\u0432\u043b\u0435\u043d\u043d\u044f: 27.12.2025<\/p>\n\n\n\n<p><\/p>","protected":false},"excerpt":{"rendered":"<p>Dost\u0119pno\u015b\u0107 strony internetowej (w przygotowaniu &#8211; trwa audyt) ostatnia aktualizacja: 27.12.2025<\/p>","protected":false},"author":2,"featured_media":0,"parent":0,"menu_order":0,"comment_status":"closed","ping_status":"closed","template":"","meta":{"_uag_custom_page_level_css":"","site-sidebar-layout":"default","site-content-layout":"","ast-site-content-layout":"default","site-content-style":"default","site-sidebar-style":"default","ast-global-header-display":"","ast-banner-title-visibility":"","ast-main-header-display":"","ast-hfb-above-header-display":"","ast-hfb-below-header-display":"","ast-hfb-mobile-header-display":"","site-post-title":"","ast-breadcrumbs-content":"","ast-featured-img":"","footer-sml-layout":"","ast-disable-related-posts":"","theme-transparent-header-meta":"","adv-header-id-meta":"","stick-header-meta":"","header-above-stick-meta":"","header-main-stick-meta":"","header-below-stick-meta":"","astra-migrate-meta-layouts":"default","ast-page-background-enabled":"default","ast-page-background-meta":{"desktop":{"background-color":"var(--ast-global-color-4)","background-image":"","background-repeat":"repeat","background-position":"center center","background-size":"auto","background-attachment":"scroll","background-type":"","background-media":"","overlay-type":"","overlay-color":"","overlay-opacity":"","overlay-gradient":""},"tablet":{"background-color":"","background-image":"","background-repeat":"repeat","background-position":"center center","background-size":"auto","background-attachment":"scroll","background-type":"","background-media":"","overlay-type":"","overlay-color":"","overlay-opacity":"","overlay-gradient":""},"mobile":{"background-color":"","background-image":"","background-repeat":"repeat","background-position":"center center","background-size":"auto","background-attachment":"scroll","background-type":"","background-media":"","overlay-type":"","overlay-color":"","overlay-opacity":"","overlay-gradient":""}},"ast-content-background-meta":{"desktop":{"background-color":"var(--ast-global-color-5)","background-image":"","background-repeat":"repeat","background-position":"center center","background-size":"auto","background-attachment":"scroll","background-type":"","background-media":"","overlay-type":"","overlay-color":"","overlay-opacity":"","overlay-gradient":""},"tablet":{"background-color":"var(--ast-global-color-5)","background-image":"","background-repeat":"repeat","background-position":"center center","background-size":"auto","background-attachment":"scroll","background-type":"","background-media":"","overlay-type":"","overlay-color":"","overlay-opacity":"","overlay-gradient":""},"mobile":{"background-color":"var(--ast-global-color-5)","background-image":"","background-repeat":"repeat","background-position":"center center","background-size":"auto","background-attachment":"scroll","background-type":"","background-media":"","overlay-type":"","overlay-color":"","overlay-opacity":"","overlay-gradient":""}},"footnotes":""},"class_list":["post-1151","page","type-page","status-publish","hentry"],"aioseo_notices":[],"_hostinger_reach_plugin_has_subscription_block":false,"_hostinger_reach_plugin_is_elementor":false,"spectra_custom_meta":{"_edit_lock":["1766851550:2"],"_edit_last":["2"],"_aioseo_title":[null],"_aioseo_description":[null],"_aioseo_keywords":["a:0:{}"],"_aioseo_og_title":[""],"_aioseo_og_description":[""],"_aioseo_og_article_section":[""],"_aioseo_og_article_tags":["a:0:{}"],"_aioseo_twitter_title":[""],"_aioseo_twitter_description":[""],"_uag_css_file_name":["uag-css-1151.css"],"_uag_page_assets":["a:9:{s:3:\"css\";s:14125:\".wp-block-uagb-advanced-heading h1,.wp-block-uagb-advanced-heading h2,.wp-block-uagb-advanced-heading h3,.wp-block-uagb-advanced-heading h4,.wp-block-uagb-advanced-heading h5,.wp-block-uagb-advanced-heading h6,.wp-block-uagb-advanced-heading p,.wp-block-uagb-advanced-heading div{word-break:break-word}.wp-block-uagb-advanced-heading .uagb-heading-text{margin:0}.wp-block-uagb-advanced-heading .uagb-desc-text{margin:0}.wp-block-uagb-advanced-heading .uagb-separator{font-size:0;border-top-style:solid;display:inline-block;margin:0 0 10px 0}.wp-block-uagb-advanced-heading .uagb-highlight{color:#f78a0c;border:0;transition:all 0.3s ease}.uag-highlight-toolbar{border-left:0;border-top:0;border-bottom:0;border-radius:0;border-right-color:#1e1e1e}.uag-highlight-toolbar .components-button{border-radius:0;outline:none}.uag-highlight-toolbar .components-button.is-primary{color:#fff}\n.wp-block-uagb-advanced-heading.uagb-block-01d023bf.wp-block-uagb-advanced-heading .uagb-desc-text{margin-bottom: 15px;}.wp-block-uagb-advanced-heading.uagb-block-01d023bf.wp-block-uagb-advanced-heading .uagb-highlight{font-style: normal;font-weight: Default;background: #007cba;color: #fff;-webkit-text-fill-color: #fff;}.wp-block-uagb-advanced-heading.uagb-block-01d023bf.wp-block-uagb-advanced-heading .uagb-highlight::-moz-selection{color: #fff;background: #007cba;-webkit-text-fill-color: #fff;}.wp-block-uagb-advanced-heading.uagb-block-01d023bf.wp-block-uagb-advanced-heading .uagb-highlight::selection{color: #fff;background: #007cba;-webkit-text-fill-color: #fff;}.uag-blocks-common-selector{z-index:var(--z-index-desktop) !important}@media (max-width: 976px){.uag-blocks-common-selector{z-index:var(--z-index-tablet) !important}}@media (max-width: 767px){.uag-blocks-common-selector{z-index:var(--z-index-mobile) !important}}\n.wp-block-uagb-image{display:flex}.wp-block-uagb-image__figure{position:relative;display:flex;flex-direction:column;max-width:100%;height:auto;margin:0}.wp-block-uagb-image__figure img{height:auto;display:flex;max-width:100%;transition:box-shadow 0.2s ease}.wp-block-uagb-image__figure>a{display:inline-block}.wp-block-uagb-image__figure figcaption{text-align:center;margin-top:0.5em;margin-bottom:1em}.wp-block-uagb-image .components-placeholder.block-editor-media-placeholder .components-placeholder__instructions{align-self:center}.wp-block-uagb-image--align-left{text-align:left}.wp-block-uagb-image--align-right{text-align:right}.wp-block-uagb-image--align-center{text-align:center}.wp-block-uagb-image--align-full .wp-block-uagb-image__figure{margin-left:calc(50% - 50vw);margin-right:calc(50% - 50vw);max-width:100vw;width:100vw;height:auto}.wp-block-uagb-image--align-full .wp-block-uagb-image__figure img{height:auto;width:100% !important}.wp-block-uagb-image--align-wide .wp-block-uagb-image__figure img{height:auto;width:100%}.wp-block-uagb-image--layout-overlay__color-wrapper{position:absolute;left:0;top:0;right:0;bottom:0;opacity:0.2;background:rgba(0,0,0,0.5);transition:opacity 0.35s ease-in-out}.wp-block-uagb-image--layout-overlay-link{position:absolute;left:0;right:0;bottom:0;top:0}.wp-block-uagb-image--layout-overlay .wp-block-uagb-image__figure:hover .wp-block-uagb-image--layout-overlay__color-wrapper{opacity:1}.wp-block-uagb-image--layout-overlay__inner{position:absolute;left:15px;right:15px;bottom:15px;top:15px;display:flex;align-items:center;justify-content:center;flex-direction:column;border-color:#fff;transition:0.35s ease-in-out}.wp-block-uagb-image--layout-overlay__inner.top-left,.wp-block-uagb-image--layout-overlay__inner.top-center,.wp-block-uagb-image--layout-overlay__inner.top-right{justify-content:flex-start}.wp-block-uagb-image--layout-overlay__inner.bottom-left,.wp-block-uagb-image--layout-overlay__inner.bottom-center,.wp-block-uagb-image--layout-overlay__inner.bottom-right{justify-content:flex-end}.wp-block-uagb-image--layout-overlay__inner.top-left,.wp-block-uagb-image--layout-overlay__inner.center-left,.wp-block-uagb-image--layout-overlay__inner.bottom-left{align-items:flex-start}.wp-block-uagb-image--layout-overlay__inner.top-right,.wp-block-uagb-image--layout-overlay__inner.center-right,.wp-block-uagb-image--layout-overlay__inner.bottom-right{align-items:flex-end}.wp-block-uagb-image--layout-overlay__inner .uagb-image-heading{color:#fff;transition:transform 0.35s, opacity 0.35s ease-in-out;transform:translate3d(0, 24px, 0);margin:0;line-height:1em}.wp-block-uagb-image--layout-overlay__inner .uagb-image-separator{width:30%;border-top-width:2px;border-top-color:#fff;border-top-style:solid;margin-bottom:10px;opacity:0;transition:transform 0.4s, opacity 0.4s ease-in-out;transform:translate3d(0, 30px, 0)}.wp-block-uagb-image--layout-overlay__inner .uagb-image-caption{opacity:0;overflow:visible;color:#fff;transition:transform 0.45s, opacity 0.45s ease-in-out;transform:translate3d(0, 35px, 0)}.wp-block-uagb-image--layout-overlay__inner:hover .uagb-image-heading,.wp-block-uagb-image--layout-overlay__inner:hover .uagb-image-separator,.wp-block-uagb-image--layout-overlay__inner:hover .uagb-image-caption{opacity:1;transform:translate3d(0, 0, 0)}.wp-block-uagb-image--effect-zoomin .wp-block-uagb-image__figure img,.wp-block-uagb-image--effect-zoomin .wp-block-uagb-image__figure .wp-block-uagb-image--layout-overlay__color-wrapper{transform:scale(1);transition:transform 0.35s ease-in-out}.wp-block-uagb-image--effect-zoomin .wp-block-uagb-image__figure:hover img,.wp-block-uagb-image--effect-zoomin .wp-block-uagb-image__figure:hover .wp-block-uagb-image--layout-overlay__color-wrapper{transform:scale(1.05)}.wp-block-uagb-image--effect-slide .wp-block-uagb-image__figure img,.wp-block-uagb-image--effect-slide .wp-block-uagb-image__figure .wp-block-uagb-image--layout-overlay__color-wrapper{width:calc(100% + 40px) !important;max-width:none !important;transform:translate3d(-40px, 0, 0);transition:transform 0.35s ease-in-out}.wp-block-uagb-image--effect-slide .wp-block-uagb-image__figure:hover img,.wp-block-uagb-image--effect-slide .wp-block-uagb-image__figure:hover .wp-block-uagb-image--layout-overlay__color-wrapper{transform:translate3d(0, 0, 0)}.wp-block-uagb-image--effect-grayscale img{filter:grayscale(0%);transition:0.35s ease-in-out}.wp-block-uagb-image--effect-grayscale:hover img{filter:grayscale(100%)}.wp-block-uagb-image--effect-blur img{filter:blur(0);transition:0.35s ease-in-out}.wp-block-uagb-image--effect-blur:hover img{filter:blur(3px)}\n.uagb-block-9c3e81da.wp-block-uagb-image--layout-default figure img{box-shadow: 0px 0px 0 #00000070;}.uagb-block-9c3e81da.wp-block-uagb-image .wp-block-uagb-image__figure figcaption{font-style: normal;align-self: center;}.uagb-block-9c3e81da.wp-block-uagb-image--layout-overlay figure img{box-shadow: 0px 0px 0 #00000070;}.uagb-block-9c3e81da.wp-block-uagb-image--layout-overlay .wp-block-uagb-image--layout-overlay__color-wrapper{opacity: 0.2;}.uagb-block-9c3e81da.wp-block-uagb-image--layout-overlay .wp-block-uagb-image--layout-overlay__inner{left: 15px;right: 15px;top: 15px;bottom: 15px;}.uagb-block-9c3e81da.wp-block-uagb-image--layout-overlay .wp-block-uagb-image--layout-overlay__inner .uagb-image-heading{font-style: normal;color: #fff;opacity: 1;}.uagb-block-9c3e81da.wp-block-uagb-image--layout-overlay .wp-block-uagb-image--layout-overlay__inner .uagb-image-heading a{color: #fff;}.uagb-block-9c3e81da.wp-block-uagb-image--layout-overlay .wp-block-uagb-image--layout-overlay__inner .uagb-image-caption{opacity: 0;}.uagb-block-9c3e81da.wp-block-uagb-image--layout-overlay .wp-block-uagb-image__figure:hover .wp-block-uagb-image--layout-overlay__color-wrapper{opacity: 1;}.uagb-block-9c3e81da.wp-block-uagb-image .wp-block-uagb-image--layout-overlay__inner .uagb-image-separator{width: 30%;border-top-width: 2px;border-top-color: #fff;opacity: 0;}.uagb-block-9c3e81da.wp-block-uagb-image .wp-block-uagb-image__figure img{width: 251px;height: auto;}.uagb-block-9c3e81da.wp-block-uagb-image .wp-block-uagb-image__figure:hover .wp-block-uagb-image--layout-overlay__inner .uagb-image-caption{opacity: 1;}.uagb-block-9c3e81da.wp-block-uagb-image .wp-block-uagb-image__figure:hover .wp-block-uagb-image--layout-overlay__inner .uagb-image-separator{opacity: 1;}.uagb-block-9c3e81da.wp-block-uagb-image--layout-default figure:hover img{box-shadow: 0px 0px 0 #00000070;}.uagb-block-9c3e81da.wp-block-uagb-image--layout-overlay figure:hover img{box-shadow: 0px 0px 0 #00000070;}@media only screen and (max-width: 976px) {.uagb-block-9c3e81da.wp-block-uagb-image .wp-block-uagb-image__figure img{width: 251px;height: auto;}}@media only screen and (max-width: 767px) {.uagb-block-9c3e81da.wp-block-uagb-image .wp-block-uagb-image__figure img{width: 251px;height: auto;}}.uagb-block-a5ea6ce2.wp-block-uagb-image--layout-default figure img{box-shadow: 0px 0px 0 #00000070;}.uagb-block-a5ea6ce2.wp-block-uagb-image .wp-block-uagb-image__figure figcaption{font-style: normal;align-self: center;}.uagb-block-a5ea6ce2.wp-block-uagb-image--layout-overlay figure img{box-shadow: 0px 0px 0 #00000070;}.uagb-block-a5ea6ce2.wp-block-uagb-image--layout-overlay .wp-block-uagb-image--layout-overlay__color-wrapper{opacity: 0.2;}.uagb-block-a5ea6ce2.wp-block-uagb-image--layout-overlay .wp-block-uagb-image--layout-overlay__inner{left: 15px;right: 15px;top: 15px;bottom: 15px;}.uagb-block-a5ea6ce2.wp-block-uagb-image--layout-overlay .wp-block-uagb-image--layout-overlay__inner .uagb-image-heading{font-style: normal;color: #fff;opacity: 1;}.uagb-block-a5ea6ce2.wp-block-uagb-image--layout-overlay .wp-block-uagb-image--layout-overlay__inner .uagb-image-heading a{color: #fff;}.uagb-block-a5ea6ce2.wp-block-uagb-image--layout-overlay .wp-block-uagb-image--layout-overlay__inner .uagb-image-caption{opacity: 0;}.uagb-block-a5ea6ce2.wp-block-uagb-image--layout-overlay .wp-block-uagb-image__figure:hover .wp-block-uagb-image--layout-overlay__color-wrapper{opacity: 1;}.uagb-block-a5ea6ce2.wp-block-uagb-image .wp-block-uagb-image--layout-overlay__inner .uagb-image-separator{width: 30%;border-top-width: 2px;border-top-color: #fff;opacity: 0;}.uagb-block-a5ea6ce2.wp-block-uagb-image .wp-block-uagb-image__figure img{width: px;height: auto;}.uagb-block-a5ea6ce2.wp-block-uagb-image .wp-block-uagb-image__figure:hover .wp-block-uagb-image--layout-overlay__inner .uagb-image-caption{opacity: 1;}.uagb-block-a5ea6ce2.wp-block-uagb-image .wp-block-uagb-image__figure:hover .wp-block-uagb-image--layout-overlay__inner .uagb-image-separator{opacity: 1;}.uagb-block-a5ea6ce2.wp-block-uagb-image--layout-default figure:hover img{box-shadow: 0px 0px 0 #00000070;}.uagb-block-a5ea6ce2.wp-block-uagb-image--layout-overlay figure:hover img{box-shadow: 0px 0px 0 #00000070;}@media only screen and (max-width: 976px) {.uagb-block-a5ea6ce2.wp-block-uagb-image .wp-block-uagb-image__figure img{width: px;height: auto;}}@media only screen and (max-width: 767px) {.uagb-block-a5ea6ce2.wp-block-uagb-image .wp-block-uagb-image__figure img{width: px;height: auto;}}.wp-block-uagb-separator{text-align:center;box-sizing:border-box;line-height:0}.wp-block-uagb-separator__inner{display:inline-block}.wp-block-uagb-separator:not(.wp-block-uagb-separator--text):not(.wp-block-uagb-separator--icon) .wp-block-uagb-separator__inner{border-top-style:solid;-webkit-mask:var(--my-background-image);-webkit-mask-size:38px 100%;-webkit-mask-repeat:repeat-x}.wp-block-uagb-separator--text .wp-block-uagb-separator__inner,.wp-block-uagb-separator--icon .wp-block-uagb-separator__inner{display:flex;justify-content:center;align-items:center;margin:0 auto}.wp-block-uagb-separator--text .wp-block-uagb-separator__inner::before,.wp-block-uagb-separator--icon .wp-block-uagb-separator__inner::before{display:block;content:\"\";border-bottom:0;flex-grow:1;border-top-color:#333;border-top-style:solid;-webkit-mask:var(--my-background-image);-webkit-mask-size:38px 100%;-webkit-mask-repeat:repeat-x}.wp-block-uagb-separator--text .wp-block-uagb-separator__inner::after,.wp-block-uagb-separator--icon .wp-block-uagb-separator__inner::after{display:block;content:\"\";border-bottom:0;flex-grow:1;border-top-color:#333;border-top-style:solid;-webkit-mask:var(--my-background-image);-webkit-mask-size:38px 100%;-webkit-mask-repeat:repeat-x}.wp-block-uagb-separator--icon .wp-block-uagb-separator-element svg{font-size:30px;color:#333;fill:#333;width:30px;height:30px;line-height:30px;max-width:none}.wp-block-uagb-separator--text .wp-block-uagb-separator-element .uagb-html-tag{word-break:initial;margin:0}\n.uagb-block-93028ad5.wp-block-uagb-separator{text-align: center;}.uagb-block-93028ad5.wp-block-uagb-separator--text .wp-block-uagb-separator-element .uagb-html-tag{font-style: normal;line-height: 1em;}.uagb-block-93028ad5 .uagb-separator-spacing-wrapper{padding-top: 5px;padding-right: 0px;padding-bottom: 0px;padding-left: 0px;}.uagb-block-93028ad5.wp-block-uagb-separator:not(.wp-block-uagb-separator--text):not(.wp-block-uagb-separator--icon) .wp-block-uagb-separator__inner{-webkit-mask-size: 5px 100%;border-top-width: 3px;width: 100%;border-top-style: none;margin-top: 5px;margin-bottom: 5px;}@media only screen and (max-width: 976px) {.uagb-block-93028ad5.wp-block-uagb-separator{text-align: center;}.uagb-block-93028ad5.wp-block-uagb-separator--text .wp-block-uagb-separator-element .uagb-html-tag{font-style: normal;margin-bottom: initial;line-height: 1em;}.uagb-block-93028ad5.wp-block-uagb-separator:not(.wp-block-uagb-separator--text):not(.wp-block-uagb-separator--icon) .wp-block-uagb-separator__inner{-webkit-mask-size: 5px 100%;width: 100%;border-top-style: none;margin-top: 5px;margin-bottom: 5px;}}@media only screen and (max-width: 767px) {.uagb-block-93028ad5.wp-block-uagb-separator{text-align: center;}.uagb-block-93028ad5.wp-block-uagb-separator--text .wp-block-uagb-separator-element .uagb-html-tag{font-style: normal;margin-bottom: initial;line-height: 1em;}.uagb-block-93028ad5.wp-block-uagb-separator:not(.wp-block-uagb-separator--text):not(.wp-block-uagb-separator--icon) .wp-block-uagb-separator__inner{-webkit-mask-size: 5px 100%;width: 100%;border-top-style: none;margin-top: 5px;margin-bottom: 5px;}}\";s:2:\"js\";s:0:\"\";s:18:\"current_block_list\";a:13:{i:0;s:21:\"uagb\/advanced-heading\";i:1;s:14:\"core\/paragraph\";i:2;s:11:\"core\/search\";i:3;s:10:\"core\/group\";i:4;s:12:\"core\/heading\";i:5;s:17:\"core\/latest-posts\";i:6;s:20:\"core\/latest-comments\";i:7;s:13:\"core\/archives\";i:8;s:15:\"core\/categories\";i:9;s:10:\"uagb\/image\";i:10;s:9:\"core\/list\";i:11;s:14:\"core\/list-item\";i:12;s:14:\"uagb\/separator\";}s:8:\"uag_flag\";b:1;s:11:\"uag_version\";s:10:\"1776458867\";s:6:\"gfonts\";a:0:{}s:10:\"gfonts_url\";s:0:\"\";s:12:\"gfonts_files\";a:0:{}s:14:\"uag_faq_layout\";b:0;}"]},"uagb_featured_image_src":{"full":false,"thumbnail":false,"medium":false,"medium_large":false,"large":false,"1536x1536":false,"2048x2048":false,"trp-custom-language-flag":false},"uagb_author_info":{"display_name":"Grief House Warsaw","author_link":"https:\/\/griefhouse.community\/uk\/author\/czuczu\/"},"uagb_comment_info":0,"uagb_excerpt":"Dost\u0119pno\u015b\u0107 strony internetowej (w przygotowaniu &#8211; trwa audyt) ostatnia aktualizacja: 27.12.2025","_links":{"self":[{"href":"https:\/\/griefhouse.community\/uk\/wp-json\/wp\/v2\/pages\/1151","targetHints":{"allow":["GET"]}}],"collection":[{"href":"https:\/\/griefhouse.community\/uk\/wp-json\/wp\/v2\/pages"}],"about":[{"href":"https:\/\/griefhouse.community\/uk\/wp-json\/wp\/v2\/types\/page"}],"author":[{"embeddable":true,"href":"https:\/\/griefhouse.community\/uk\/wp-json\/wp\/v2\/users\/2"}],"replies":[{"embeddable":true,"href":"https:\/\/griefhouse.community\/uk\/wp-json\/wp\/v2\/comments?post=1151"}],"version-history":[{"count":4,"href":"https:\/\/griefhouse.community\/uk\/wp-json\/wp\/v2\/pages\/1151\/revisions"}],"predecessor-version":[{"id":1776,"href":"https:\/\/griefhouse.community\/uk\/wp-json\/wp\/v2\/pages\/1151\/revisions\/1776"}],"wp:attachment":[{"href":"https:\/\/griefhouse.community\/uk\/wp-json\/wp\/v2\/media?parent=1151"}],"curies":[{"name":"wp","href":"https:\/\/api.w.org\/{rel}","templated":true}]}}